{"id":912,"date":"2025-05-12T15:23:09","date_gmt":"2025-05-12T15:23:09","guid":{"rendered":"https:\/\/www.acasur.cl\/?post_type=product&#038;p=912"},"modified":"2026-04-18T22:57:36","modified_gmt":"2026-04-18T22:57:36","slug":"curso-de-gestion-para-mando-y-ascenso-a-motorista-primero","status":"publish","type":"product","link":"https:\/\/www.acasur.cl\/index.php\/product\/curso-de-gestion-para-mando-y-ascenso-a-motorista-primero\/","title":{"rendered":"Curso De Gesti\u00f3n Para Mando Y Ascenso A Motorista Primero"},"content":{"rendered":"<p><strong>Destinado a:<\/strong><\/p>\n<ul>\n<li data-start=\"126\" data-end=\"188\">Poseer el t\u00edtulo de Motorista Segundo (Nivel Operacional).<\/li>\n<li data-start=\"190\" data-end=\"614\">Estar en posesi\u00f3n del t\u00edtulo de Motorista Primero otorgado en base al Reglamento de T\u00edtulos Profesionales y Permisos de Embarco de Oficiales de la Marina Mercante y de Naves Especiales (D.S. (M.) N\u00b0 680 de 1985) y cumplir los requisitos establecidos en el art\u00edculo 46\u00b0 del Reglamento sobre Formaci\u00f3n, Titulaci\u00f3n y Carrera Profesional de la Gente de Mar, aprobado por Decreto Supremo N\u00b0 127, de fecha 12 de marzo de 2019.<\/li>\n<li data-start=\"616\" data-end=\"872\">Oficiales en retiro de la Armada de Chile que cumplan los requisitos establecidos en el art\u00edculo 45\u00b0 del Reglamento sobre Formaci\u00f3n, Titulaci\u00f3n y Carrera Profesional de la Gente de Mar, aprobado por Decreto Supremo N\u00b0 127, de fecha 12 de marzo de 2019.<\/li>\n<\/ul>\n<p><strong>Objetivos Generales:<\/strong> Al t\u00e9rmino del curso el alumno ser\u00e1 capaz de:<\/p>\n<p><strong>Requisitos:<\/strong><\/p>\n","protected":false},"excerpt":{"rendered":"<p>Hora: 380<\/p>\n<p>Horario: 09:00 a 17:00 hrs<\/p>\n<p>Modalidad: Presencial<\/p>\n<p><strong>ANTES DE PAGAR, CONSULTAR INICIO DE CLASES<\/strong><\/p>\n","protected":false},"featured_media":913,"comment_status":"open","ping_status":"closed","template":"","meta":[],"product_brand":[],"product_cat":[15],"product_tag":[],"class_list":{"0":"post-912","1":"product","2":"type-product","3":"status-publish","4":"has-post-thumbnail","6":"product_cat-uncategorized","7":"description-off","9":"first","10":"instock","11":"shipping-taxable","12":"purchasable","13":"product-type-simple"},"_links":{"self":[{"href":"https:\/\/www.acasur.cl\/index.php\/wp-json\/wp\/v2\/product\/912","targetHints":{"allow":["GET"]}}],"collection":[{"href":"https:\/\/www.acasur.cl\/index.php\/wp-json\/wp\/v2\/product"}],"about":[{"href":"https:\/\/www.acasur.cl\/index.php\/wp-json\/wp\/v2\/types\/product"}],"replies":[{"embeddable":true,"href":"https:\/\/www.acasur.cl\/index.php\/wp-json\/wp\/v2\/comments?post=912"}],"wp:featuredmedia":[{"embeddable":true,"href":"https:\/\/www.acasur.cl\/index.php\/wp-json\/wp\/v2\/media\/913"}],"wp:attachment":[{"href":"https:\/\/www.acasur.cl\/index.php\/wp-json\/wp\/v2\/media?parent=912"}],"wp:term":[{"taxonomy":"product_brand","embeddable":true,"href":"https:\/\/www.acasur.cl\/index.php\/wp-json\/wp\/v2\/product_brand?post=912"},{"taxonomy":"product_cat","embeddable":true,"href":"https:\/\/www.acasur.cl\/index.php\/wp-json\/wp\/v2\/product_cat?post=912"},{"taxonomy":"product_tag","embeddable":true,"href":"https:\/\/www.acasur.cl\/index.php\/wp-json\/wp\/v2\/product_tag?post=912"}],"curies":[{"name":"wp","href":"https:\/\/api.w.org\/{rel}","templated":true}]}}