{"id":910,"date":"2025-05-12T15:16:20","date_gmt":"2025-05-12T15:16:20","guid":{"rendered":"https:\/\/www.acasur.cl\/?post_type=product&#038;p=910"},"modified":"2025-10-01T12:05:45","modified_gmt":"2025-10-01T12:05:45","slug":"operaciones-basicas-de-carga-descarga-y-protocolos-de-seguridad-en-recintos-portuarios","status":"publish","type":"product","link":"https:\/\/www.acasur.cl\/index.php\/product\/operaciones-basicas-de-carga-descarga-y-protocolos-de-seguridad-en-recintos-portuarios\/","title":{"rendered":"Operaciones B\u00e1sicas De Carga, Descarga Y Protocolos De Seguridad En Recintos Portuarios"},"content":{"rendered":"<p><strong>Destinado a:<\/strong><\/p>\n<p>Personas que van a ingresar a desempe\u00f1arse en la actividad portuaria y a los trabajadores portuarios que se desempe\u00f1an en faenas al interior de los recintos portuarios cuyo carnet portuario no est\u00e9 vigente (vigencia 5 a\u00f1os).<\/p>\n<p><strong>Objetivos Generales:<\/strong> Al t\u00e9rmino del curso el alumno ser\u00e1 capaz de:<\/p>\n<ul>\n<li>Identificar las caracter\u00edsticas de los procesos productivos de faenas portuarias, normativas generales y de la salud y seguridad y en el trabajo, de acuerdo con legislaci\u00f3n vigente.<\/li>\n<li>Aplicar procedimientos de control de riesgos operacionales seg\u00fan faena portuaria, reglamentos portuarios y normativa de salud y seguridad en el trabajo.<\/li>\n<li>Aplicar procedimientos de operaciones de carga y descarga en faenas portuarias, de<br \/>\nacuerdo con reglamentos portuarios y normativa de salud y seguridad en el trabajo.<\/li>\n<\/ul>\n<p><strong>Requisitos:<\/strong><\/p>\n<p>Mayor de edad y cuarto a\u00f1o medio.<\/p>\n","protected":false},"excerpt":{"rendered":"<p>Hora: 200<\/p>\n<p>Horario: 09:00 a 17:00 hrs<\/p>\n<p>Modalidad: Presencial o E-Learning<\/p>\n<p><strong>ANTES DE PAGAR, CONSULTAR INICIO DE CLASES<\/strong><\/p>\n","protected":false},"featured_media":911,"comment_status":"open","ping_status":"closed","template":"","meta":[],"product_brand":[],"product_cat":[15],"product_tag":[],"class_list":{"0":"post-910","1":"product","2":"type-product","3":"status-publish","4":"has-post-thumbnail","6":"product_cat-uncategorized","7":"description-off","9":"first","10":"outofstock","11":"shipping-taxable","12":"purchasable","13":"product-type-simple"},"_links":{"self":[{"href":"https:\/\/www.acasur.cl\/index.php\/wp-json\/wp\/v2\/product\/910","targetHints":{"allow":["GET"]}}],"collection":[{"href":"https:\/\/www.acasur.cl\/index.php\/wp-json\/wp\/v2\/product"}],"about":[{"href":"https:\/\/www.acasur.cl\/index.php\/wp-json\/wp\/v2\/types\/product"}],"replies":[{"embeddable":true,"href":"https:\/\/www.acasur.cl\/index.php\/wp-json\/wp\/v2\/comments?post=910"}],"wp:featuredmedia":[{"embeddable":true,"href":"https:\/\/www.acasur.cl\/index.php\/wp-json\/wp\/v2\/media\/911"}],"wp:attachment":[{"href":"https:\/\/www.acasur.cl\/index.php\/wp-json\/wp\/v2\/media?parent=910"}],"wp:term":[{"taxonomy":"product_brand","embeddable":true,"href":"https:\/\/www.acasur.cl\/index.php\/wp-json\/wp\/v2\/product_brand?post=910"},{"taxonomy":"product_cat","embeddable":true,"href":"https:\/\/www.acasur.cl\/index.php\/wp-json\/wp\/v2\/product_cat?post=910"},{"taxonomy":"product_tag","embeddable":true,"href":"https:\/\/www.acasur.cl\/index.php\/wp-json\/wp\/v2\/product_tag?post=910"}],"curies":[{"name":"wp","href":"https:\/\/api.w.org\/{rel}","templated":true}]}}