{"id":904,"date":"2025-05-12T15:04:10","date_gmt":"2025-05-12T15:04:10","guid":{"rendered":"https:\/\/www.acasur.cl\/?post_type=product&#038;p=904"},"modified":"2025-10-01T12:06:09","modified_gmt":"2025-10-01T12:06:09","slug":"omi-3-27-formacion-en-sensibilizacion-sobre-proteccion-para-toda-la-gente-de-mar","status":"publish","type":"product","link":"https:\/\/www.acasur.cl\/index.php\/product\/omi-3-27-formacion-en-sensibilizacion-sobre-proteccion-para-toda-la-gente-de-mar\/","title":{"rendered":"OMI 3.27 Formaci\u00f3n en Sensibilizaci\u00f3n sobre Protecci\u00f3n para toda la Gente de Mar"},"content":{"rendered":"<p><strong>Destinado a:<\/strong><\/p>\n<ul data-sourcepos=\"38:1-42:0\">\n<li data-sourcepos=\"38:1-38:11\">Oficiales<\/li>\n<li data-sourcepos=\"39:1-39:11\">Marineros<\/li>\n<li data-sourcepos=\"40:1-40:22\">Personal de cubierta<\/li>\n<li data-sourcepos=\"41:1-42:0\">Personal de m\u00e1quinas<\/li>\n<\/ul>\n<p><strong>Objetivos Generales:<\/strong> Al t\u00e9rmino del curso el alumno ser\u00e1 capaz de:<\/p>\n<p>Alcanzar el est\u00e1ndar de competencia requerido permiti\u00e9ndoles contribuir al mejoramiento de la seguridad mar\u00edtima a trav\u00e9s de la concientizaci\u00f3n y la habilidad de reconocer amenazas de seguridad y de responder apropiadamente a este conocimiento.<\/p>\n<p><strong>Requisitos:<\/strong><\/p>\n<p>Mayor de edad.<\/p>\n","protected":false},"excerpt":{"rendered":"<p>Hora:4<\/p>\n<p>Horario: 09:00 a 17:00 hrs<\/p>\n<p>Modalidad: Presencial o E-Learning<\/p>\n<p><strong>ANTES DE PAGAR, CONSULTAR INICIO DE CLASES<\/strong><\/p>\n","protected":false},"featured_media":905,"comment_status":"open","ping_status":"closed","template":"","meta":[],"product_brand":[],"product_cat":[15],"product_tag":[],"class_list":{"0":"post-904","1":"product","2":"type-product","3":"status-publish","4":"has-post-thumbnail","6":"product_cat-uncategorized","7":"description-off","9":"first","10":"outofstock","11":"shipping-taxable","12":"purchasable","13":"product-type-simple"},"_links":{"self":[{"href":"https:\/\/www.acasur.cl\/index.php\/wp-json\/wp\/v2\/product\/904","targetHints":{"allow":["GET"]}}],"collection":[{"href":"https:\/\/www.acasur.cl\/index.php\/wp-json\/wp\/v2\/product"}],"about":[{"href":"https:\/\/www.acasur.cl\/index.php\/wp-json\/wp\/v2\/types\/product"}],"replies":[{"embeddable":true,"href":"https:\/\/www.acasur.cl\/index.php\/wp-json\/wp\/v2\/comments?post=904"}],"wp:featuredmedia":[{"embeddable":true,"href":"https:\/\/www.acasur.cl\/index.php\/wp-json\/wp\/v2\/media\/905"}],"wp:attachment":[{"href":"https:\/\/www.acasur.cl\/index.php\/wp-json\/wp\/v2\/media?parent=904"}],"wp:term":[{"taxonomy":"product_brand","embeddable":true,"href":"https:\/\/www.acasur.cl\/index.php\/wp-json\/wp\/v2\/product_brand?post=904"},{"taxonomy":"product_cat","embeddable":true,"href":"https:\/\/www.acasur.cl\/index.php\/wp-json\/wp\/v2\/product_cat?post=904"},{"taxonomy":"product_tag","embeddable":true,"href":"https:\/\/www.acasur.cl\/index.php\/wp-json\/wp\/v2\/product_tag?post=904"}],"curies":[{"name":"wp","href":"https:\/\/api.w.org\/{rel}","templated":true}]}}