{"id":902,"date":"2025-05-12T15:00:32","date_gmt":"2025-05-12T15:00:32","guid":{"rendered":"https:\/\/www.acasur.cl\/?post_type=product&#038;p=902"},"modified":"2025-10-01T12:06:20","modified_gmt":"2025-10-01T12:06:20","slug":"omi-3-26-formacion-en-sensibilizacion-sobre-proteccion-para-la-gente-de-mar-que-tenga-asignadas-tareas-de-proteccion","status":"publish","type":"product","link":"https:\/\/www.acasur.cl\/index.php\/product\/omi-3-26-formacion-en-sensibilizacion-sobre-proteccion-para-la-gente-de-mar-que-tenga-asignadas-tareas-de-proteccion\/","title":{"rendered":"OMI 3.26 Formaci\u00f3n En Sensibilizaci\u00f3n Sobre Protecci\u00f3n Para La Gente De Mar Que Tenga Asignadas Tareas De Protecci\u00f3n"},"content":{"rendered":"<p><strong>Destinado a:<\/strong><\/p>\n<p>Oficial de Marina Mercante o Tripulante de Marina Mercante al cual se le asignar\u00e1 tarea de Protecci\u00f3n.<\/p>\n<p><strong>Objetivos Generales:<\/strong> Al t\u00e9rmino del curso el alumno ser\u00e1 capaz de:<\/p>\n<p>Alcanzar el nivel de aptitud que permita contribuir a la mejora de la Protecci\u00f3n Mar\u00edtima a trav\u00e9s de una mayor sensibilizaci\u00f3n y la capacidad de reconocer las amenazas a la Protecci\u00f3n y para responder apropiadamente.<\/p>\n<p><em>Competencias : <\/em><\/p>\n<ul>\n<li>Mantener las condiciones establecidas en el Plan de Protecci\u00f3n del buque. Reconocer los riesgos y amenazas a la Protecci\u00f3n Mar\u00edtima. Realizar inspecciones regulares en el buque. Usar en forma adecuada los equipos y sistemas de Protecci\u00f3n.<\/li>\n<\/ul>\n<p><strong>Requisitos:<\/strong><\/p>\n<p>Estar en posesi\u00f3n de un t\u00edtulo de Oficial de Marina Mercante o de Tripulante de Marina Mercante.<\/p>\n","protected":false},"excerpt":{"rendered":"<p>Hora: 9<\/p>\n<p>Horario: 09:00 a 17:00 hrs<\/p>\n<p>Modalidad: Presencial o E-Learning<\/p>\n<p><strong>ANTES DE PAGAR, CONSULTAR INICIO DE CLASES<\/strong><\/p>\n","protected":false},"featured_media":903,"comment_status":"open","ping_status":"closed","template":"","meta":[],"product_brand":[],"product_cat":[15],"product_tag":[],"class_list":{"0":"post-902","1":"product","2":"type-product","3":"status-publish","4":"has-post-thumbnail","6":"product_cat-uncategorized","7":"description-off","9":"first","10":"outofstock","11":"shipping-taxable","12":"purchasable","13":"product-type-simple"},"_links":{"self":[{"href":"https:\/\/www.acasur.cl\/index.php\/wp-json\/wp\/v2\/product\/902","targetHints":{"allow":["GET"]}}],"collection":[{"href":"https:\/\/www.acasur.cl\/index.php\/wp-json\/wp\/v2\/product"}],"about":[{"href":"https:\/\/www.acasur.cl\/index.php\/wp-json\/wp\/v2\/types\/product"}],"replies":[{"embeddable":true,"href":"https:\/\/www.acasur.cl\/index.php\/wp-json\/wp\/v2\/comments?post=902"}],"wp:featuredmedia":[{"embeddable":true,"href":"https:\/\/www.acasur.cl\/index.php\/wp-json\/wp\/v2\/media\/903"}],"wp:attachment":[{"href":"https:\/\/www.acasur.cl\/index.php\/wp-json\/wp\/v2\/media?parent=902"}],"wp:term":[{"taxonomy":"product_brand","embeddable":true,"href":"https:\/\/www.acasur.cl\/index.php\/wp-json\/wp\/v2\/product_brand?post=902"},{"taxonomy":"product_cat","embeddable":true,"href":"https:\/\/www.acasur.cl\/index.php\/wp-json\/wp\/v2\/product_cat?post=902"},{"taxonomy":"product_tag","embeddable":true,"href":"https:\/\/www.acasur.cl\/index.php\/wp-json\/wp\/v2\/product_tag?post=902"}],"curies":[{"name":"wp","href":"https:\/\/api.w.org\/{rel}","templated":true}]}}