{"id":900,"date":"2025-05-12T14:58:15","date_gmt":"2025-05-12T14:58:15","guid":{"rendered":"https:\/\/www.acasur.cl\/?post_type=product&#038;p=900"},"modified":"2026-02-02T23:51:40","modified_gmt":"2026-02-02T23:51:40","slug":"omi-3-20-oficial-de-la-compania-para-la-proteccion-maritima","status":"publish","type":"product","link":"https:\/\/www.acasur.cl\/index.php\/product\/omi-3-20-oficial-de-la-compania-para-la-proteccion-maritima\/","title":{"rendered":"OMI 3.20  Oficial De La Compa\u00f1\u00eda Para La Protecci\u00f3n Mar\u00edtima"},"content":{"rendered":"<p><strong>Destinado a:<\/strong><\/p>\n<p>Funcionarios administrativos de las empresas navieras o administradoras que pudieren ser designados como oficial de la compa\u00f1\u00eda para la protecci\u00f3n mar\u00edtima. Sin embargo coexiste ning\u00fan requerimiento espec\u00edfico como conducta de entrada.<\/p>\n<p><strong>Objetivos Generales:<\/strong> Al t\u00e9rmino del curso el alumno ser\u00e1 capaz de:<\/p>\n<p>Al finalizar el curso, el alumno ser\u00e1 capaz de Desarrollar los deberes y Responsabilidades del oficial de la compa\u00f1\u00eda para la protecci\u00f3n mar\u00edtima, como lo define la secci\u00f3n A-11 del C\u00f3digo ISPS.<\/p>\n<p><strong>Requisitos:<\/strong><\/p>\n<p>Al momento de efectuar el curso, los participantes deben ser funcionarios contratados o postulando a un contrato con posibilidades de ser designados como oficial de la compa\u00f1\u00eda para la protecci\u00f3n mar\u00edtima.<\/p>\n","protected":false},"excerpt":{"rendered":"<p>Hora: 25<\/p>\n<p>Horario: 09:00 a 17:00 hrs<\/p>\n<p>Modalidad: Presencial o E-Learning<\/p>\n<p><strong>ANTES DE PAGAR, CONSULTAR INICIO DE CLASES<\/strong><\/p>\n","protected":false},"featured_media":901,"comment_status":"open","ping_status":"closed","template":"","meta":[],"product_brand":[],"product_cat":[15],"product_tag":[],"class_list":{"0":"post-900","1":"product","2":"type-product","3":"status-publish","4":"has-post-thumbnail","6":"product_cat-uncategorized","7":"description-off","9":"first","10":"outofstock","11":"shipping-taxable","12":"purchasable","13":"product-type-simple"},"_links":{"self":[{"href":"https:\/\/www.acasur.cl\/index.php\/wp-json\/wp\/v2\/product\/900","targetHints":{"allow":["GET"]}}],"collection":[{"href":"https:\/\/www.acasur.cl\/index.php\/wp-json\/wp\/v2\/product"}],"about":[{"href":"https:\/\/www.acasur.cl\/index.php\/wp-json\/wp\/v2\/types\/product"}],"replies":[{"embeddable":true,"href":"https:\/\/www.acasur.cl\/index.php\/wp-json\/wp\/v2\/comments?post=900"}],"wp:featuredmedia":[{"embeddable":true,"href":"https:\/\/www.acasur.cl\/index.php\/wp-json\/wp\/v2\/media\/901"}],"wp:attachment":[{"href":"https:\/\/www.acasur.cl\/index.php\/wp-json\/wp\/v2\/media?parent=900"}],"wp:term":[{"taxonomy":"product_brand","embeddable":true,"href":"https:\/\/www.acasur.cl\/index.php\/wp-json\/wp\/v2\/product_brand?post=900"},{"taxonomy":"product_cat","embeddable":true,"href":"https:\/\/www.acasur.cl\/index.php\/wp-json\/wp\/v2\/product_cat?post=900"},{"taxonomy":"product_tag","embeddable":true,"href":"https:\/\/www.acasur.cl\/index.php\/wp-json\/wp\/v2\/product_tag?post=900"}],"curies":[{"name":"wp","href":"https:\/\/api.w.org\/{rel}","templated":true}]}}