{"id":874,"date":"2025-05-09T18:43:54","date_gmt":"2025-05-09T18:43:54","guid":{"rendered":"https:\/\/www.acasur.cl\/?post_type=product&#038;p=874"},"modified":"2025-10-01T12:06:56","modified_gmt":"2025-10-01T12:06:56","slug":"1-39-liderazgo-y-trabajo-en-equipo","status":"publish","type":"product","link":"https:\/\/www.acasur.cl\/index.php\/product\/1-39-liderazgo-y-trabajo-en-equipo\/","title":{"rendered":"OMI 1.39 Liderazgo Y Trabajo En Equipo"},"content":{"rendered":"<p><strong>Destinado a:<\/strong><\/p>\n<ul>\n<li>Capitanes, Jefes de M\u00e1quinas y Oficiales de la marina mercante de nivel de gesti\u00f3n.<\/li>\n<li>Oficiales de nivel operativo.<\/li>\n<li>Profesionales del negocio mar\u00edtimo en tierra.<\/li>\n<li>Otras personas interesadas en el desarrollo de habilidades de liderazgo.<\/li>\n<\/ul>\n<p><strong>Objetivos Generales:<\/strong> Al t\u00e9rmino del curso el alumno ser\u00e1 capaz de:<\/p>\n<ul>\n<li>Demostrar la comprensi\u00f3n y el conocimiento suficiente de liderazgo y trabajo en equipo y poseer las habilidades relevantes para llevar a cabo la guardia de navegaci\u00f3n en buques de 500tg. o m\u00e1s, u oficial a cargo de la guardia de sala m\u00e1quinas con dotaci\u00f3n permanente o como oficial de guardia de sala de m\u00e1quinas peri\u00f3dicamente sin dotaci\u00f3n permanente.<\/li>\n<li>Conocer b\u00e1sicamente la administraci\u00f3n de personal y adiestramiento a bordo. \\Indicar las convenciones mar\u00edtimas internacionales relacionadas, las recomendaciones y la legislaci\u00f3n nacional al respecto.<\/li>\n<li>Adquirir la habilidad para designar tareas y manejo de la carga de trabajo.<\/li>\n<li>Poseer el conocimiento y la habilidad para aplicar una efectiva administraci\u00f3n de recursos.<\/li>\n<li>Adquirir el conocimiento y la habilidad para aplicar t\u00e9cnicas de toma de decisiones.<\/li>\n<\/ul>\n<p><strong>Requisitos:<\/strong><\/p>\n<ul>\n<li>Estar en posesi\u00f3n de los t\u00edtulos de:<\/li>\n<li>Capit\u00e1n de Alta Mar<\/li>\n<li>Ingeniero Jefe de M\u00e1quinas<\/li>\n<li>Primer Oficial \\ Primer Ingeniero<\/li>\n<li>Oficiales de nivel operativo<\/li>\n<li>y otros profesionales.<\/li>\n<\/ul>\n","protected":false},"excerpt":{"rendered":"<p>Hora: 20<\/p>\n<p>Horario: 09:00 a 17:00 hrs<\/p>\n<p>Modalidad: Presencial<\/p>\n<p><strong>ANTES DE PAGAR, CONSULTAR INICIO DE CLASES<\/strong><\/p>\n","protected":false},"featured_media":875,"comment_status":"open","ping_status":"closed","template":"","meta":[],"product_brand":[],"product_cat":[15],"product_tag":[],"class_list":{"0":"post-874","1":"product","2":"type-product","3":"status-publish","4":"has-post-thumbnail","6":"product_cat-uncategorized","7":"description-off","9":"first","10":"outofstock","11":"shipping-taxable","12":"purchasable","13":"product-type-simple"},"_links":{"self":[{"href":"https:\/\/www.acasur.cl\/index.php\/wp-json\/wp\/v2\/product\/874","targetHints":{"allow":["GET"]}}],"collection":[{"href":"https:\/\/www.acasur.cl\/index.php\/wp-json\/wp\/v2\/product"}],"about":[{"href":"https:\/\/www.acasur.cl\/index.php\/wp-json\/wp\/v2\/types\/product"}],"replies":[{"embeddable":true,"href":"https:\/\/www.acasur.cl\/index.php\/wp-json\/wp\/v2\/comments?post=874"}],"wp:featuredmedia":[{"embeddable":true,"href":"https:\/\/www.acasur.cl\/index.php\/wp-json\/wp\/v2\/media\/875"}],"wp:attachment":[{"href":"https:\/\/www.acasur.cl\/index.php\/wp-json\/wp\/v2\/media?parent=874"}],"wp:term":[{"taxonomy":"product_brand","embeddable":true,"href":"https:\/\/www.acasur.cl\/index.php\/wp-json\/wp\/v2\/product_brand?post=874"},{"taxonomy":"product_cat","embeddable":true,"href":"https:\/\/www.acasur.cl\/index.php\/wp-json\/wp\/v2\/product_cat?post=874"},{"taxonomy":"product_tag","embeddable":true,"href":"https:\/\/www.acasur.cl\/index.php\/wp-json\/wp\/v2\/product_tag?post=874"}],"curies":[{"name":"wp","href":"https:\/\/api.w.org\/{rel}","templated":true}]}}