{"id":872,"date":"2025-05-09T18:37:10","date_gmt":"2025-05-09T18:37:10","guid":{"rendered":"https:\/\/www.acasur.cl\/?post_type=product&#038;p=872"},"modified":"2025-10-01T12:07:03","modified_gmt":"2025-10-01T12:07:03","slug":"omi-1-38-sensibilizacion-con-respecto-al-medio-marino","status":"publish","type":"product","link":"https:\/\/www.acasur.cl\/index.php\/product\/omi-1-38-sensibilizacion-con-respecto-al-medio-marino\/","title":{"rendered":"OMI 1.38 Sensibilizaci\u00f3n Con Respecto Al Medio Marino"},"content":{"rendered":"<p><strong>Destinado a:<\/strong><\/p>\n<p><strong>Objetivos Generales:<\/strong> Al t\u00e9rmino del curso el alumno ser\u00e1 capaz de:<\/p>\n<ul>\n<li>Demostrar la comprensi\u00f3n y el conocimiento suficiente sobre la importancia de la prevenci\u00f3n de la contaminaci\u00f3n en el entorno marino, cumplir a cabalidad los procedimientos para monitorear las operaciones a bordo y asegurarse una reputaci\u00f3n medioambiental positiva durante las faenas de carga y descarga.<\/li>\n<li>Entender el concepto de transporte mar\u00edtimo sostenible.<\/li>\n<li>Reconocer la complejidad y la diversidad del ambiente marino.<\/li>\n<li>Describir el impacto del embarque en el medioambiente.<\/li>\n<li>Entender el papel de las reglas, los procedimientos y las instalaciones t\u00e9cnicas para proteger el medioambiente.<\/li>\n<li>Adquirir conciencia medioambiental marina y la responsabilidad personal.<\/li>\n<li>Comprender el rol del elemento humano para impedir la contaminaci\u00f3n del medio ambiente, tomando medidas proactivas.<\/li>\n<\/ul>\n<p><strong>Requisitos:<\/strong><\/p>\n<p>Poseer titulo de Oficial de Cubierta o de Maquinas<\/p>\n","protected":false},"excerpt":{"rendered":"<p>Hora:12<\/p>\n<p>Horario: 09:00 a 17:00 hrs<\/p>\n<p>Modalidad: Presencial o E-Learning<\/p>\n<p><strong>ANTES DE PAGAR, CONSULTAR INICIO DE CLASES<\/strong><\/p>\n","protected":false},"featured_media":873,"comment_status":"open","ping_status":"closed","template":"","meta":[],"product_brand":[],"product_cat":[15],"product_tag":[],"class_list":{"0":"post-872","1":"product","2":"type-product","3":"status-publish","4":"has-post-thumbnail","6":"product_cat-uncategorized","7":"description-off","9":"first","10":"outofstock","11":"shipping-taxable","12":"purchasable","13":"product-type-simple"},"_links":{"self":[{"href":"https:\/\/www.acasur.cl\/index.php\/wp-json\/wp\/v2\/product\/872","targetHints":{"allow":["GET"]}}],"collection":[{"href":"https:\/\/www.acasur.cl\/index.php\/wp-json\/wp\/v2\/product"}],"about":[{"href":"https:\/\/www.acasur.cl\/index.php\/wp-json\/wp\/v2\/types\/product"}],"replies":[{"embeddable":true,"href":"https:\/\/www.acasur.cl\/index.php\/wp-json\/wp\/v2\/comments?post=872"}],"wp:featuredmedia":[{"embeddable":true,"href":"https:\/\/www.acasur.cl\/index.php\/wp-json\/wp\/v2\/media\/873"}],"wp:attachment":[{"href":"https:\/\/www.acasur.cl\/index.php\/wp-json\/wp\/v2\/media?parent=872"}],"wp:term":[{"taxonomy":"product_brand","embeddable":true,"href":"https:\/\/www.acasur.cl\/index.php\/wp-json\/wp\/v2\/product_brand?post=872"},{"taxonomy":"product_cat","embeddable":true,"href":"https:\/\/www.acasur.cl\/index.php\/wp-json\/wp\/v2\/product_cat?post=872"},{"taxonomy":"product_tag","embeddable":true,"href":"https:\/\/www.acasur.cl\/index.php\/wp-json\/wp\/v2\/product_tag?post=872"}],"curies":[{"name":"wp","href":"https:\/\/api.w.org\/{rel}","templated":true}]}}