{"id":866,"date":"2025-05-09T17:10:13","date_gmt":"2025-05-09T17:10:13","guid":{"rendered":"https:\/\/www.acasur.cl\/?post_type=product&#038;p=866"},"modified":"2025-10-01T12:07:18","modified_gmt":"2025-10-01T12:07:18","slug":"omi-1-27-uso-operativo-del-sistema-visualizador-de-cartas-electronicas","status":"publish","type":"product","link":"https:\/\/www.acasur.cl\/index.php\/product\/omi-1-27-uso-operativo-del-sistema-visualizador-de-cartas-electronicas\/","title":{"rendered":"OMI 1.27 Uso Operativo Del Sistema Visualizador De Cartas Electr\u00f3nicas"},"content":{"rendered":"<p><strong>Destinado a:<\/strong><\/p>\n<p>Capit\u00e1n de Alta Mar, Oficiales de Puente y Aspirantes a Oficial de Puente.<\/p>\n<p><strong>Objetivos Generales:<\/strong> Al t\u00e9rmino del curso el alumno ser\u00e1 capaz de:<\/p>\n<ul>\n<li>Utilizar y operar los equipos para la visualizaci\u00f3n de cartas electr\u00f3nicas.<\/li>\n<li>Utilizar las funciones de navegaci\u00f3n del visualizador<\/li>\n<li>Seleccionar y evaluar toda la informaci\u00f3n relevante y tomar acci\u00f3n en caso de mal funcionamiento.<\/li>\n<li>Descubrir los errores potenciales de los datos desplegados y los errores comunes de interpretaci\u00f3n.<\/li>\n<li>Explicar la raz\u00f3n de no confiar en ECDIS como \u00fanica ayuda para la navegaci\u00f3n.<\/li>\n<\/ul>\n<p><strong>Requisitos:<\/strong><\/p>\n<p>Los participantes deber\u00e1n tener conocimiento de navegaci\u00f3n costera y de altura, estar en posesi\u00f3n del t\u00edtulo de oficial de puente o encontrarse desarrollando un programa de formaci\u00f3n conducente al t\u00edtulo de oficial de puente.<\/p>\n<p>&nbsp;<\/p>\n","protected":false},"excerpt":{"rendered":"<p>Hora: 40<\/p>\n<p>Horario: 09:00 a 17:00 hrs<\/p>\n<p>Modalidad: Presencial<\/p>\n<p><strong>ANTES DE PAGAR, CONSULTAR INICIO DE CLASES<\/strong><\/p>\n","protected":false},"featured_media":867,"comment_status":"open","ping_status":"closed","template":"","meta":[],"product_brand":[],"product_cat":[15],"product_tag":[],"class_list":{"0":"post-866","1":"product","2":"type-product","3":"status-publish","4":"has-post-thumbnail","6":"product_cat-uncategorized","7":"description-off","9":"first","10":"outofstock","11":"shipping-taxable","12":"purchasable","13":"product-type-simple"},"_links":{"self":[{"href":"https:\/\/www.acasur.cl\/index.php\/wp-json\/wp\/v2\/product\/866","targetHints":{"allow":["GET"]}}],"collection":[{"href":"https:\/\/www.acasur.cl\/index.php\/wp-json\/wp\/v2\/product"}],"about":[{"href":"https:\/\/www.acasur.cl\/index.php\/wp-json\/wp\/v2\/types\/product"}],"replies":[{"embeddable":true,"href":"https:\/\/www.acasur.cl\/index.php\/wp-json\/wp\/v2\/comments?post=866"}],"wp:featuredmedia":[{"embeddable":true,"href":"https:\/\/www.acasur.cl\/index.php\/wp-json\/wp\/v2\/media\/867"}],"wp:attachment":[{"href":"https:\/\/www.acasur.cl\/index.php\/wp-json\/wp\/v2\/media?parent=866"}],"wp:term":[{"taxonomy":"product_brand","embeddable":true,"href":"https:\/\/www.acasur.cl\/index.php\/wp-json\/wp\/v2\/product_brand?post=866"},{"taxonomy":"product_cat","embeddable":true,"href":"https:\/\/www.acasur.cl\/index.php\/wp-json\/wp\/v2\/product_cat?post=866"},{"taxonomy":"product_tag","embeddable":true,"href":"https:\/\/www.acasur.cl\/index.php\/wp-json\/wp\/v2\/product_tag?post=866"}],"curies":[{"name":"wp","href":"https:\/\/api.w.org\/{rel}","templated":true}]}}