{"id":860,"date":"2025-05-09T16:43:43","date_gmt":"2025-05-09T16:43:43","guid":{"rendered":"https:\/\/www.acasur.cl\/?post_type=product&#038;p=860"},"modified":"2026-04-02T19:14:22","modified_gmt":"2026-04-02T19:14:22","slug":"omi-1-21-seguridad-personal-y-responsabilidades-sociales","status":"publish","type":"product","link":"https:\/\/www.acasur.cl\/index.php\/product\/omi-1-21-seguridad-personal-y-responsabilidades-sociales\/","title":{"rendered":"OMI 1.21 Seguridad Personal Y Responsabilidades Sociales"},"content":{"rendered":"<p><strong>Destinado a:<\/strong><\/p>\n<ul>\n<li>Oficiales y tripulantes de la marina mercante<\/li>\n<li>Postulantes a t\u00edtulos de oficial y tripulante de la marina mercante.<\/li>\n<\/ul>\n<p><strong>Objetivos Generales:<\/strong> Al t\u00e9rmino del curso el alumno ser\u00e1 capaz de:<\/p>\n<ul>\n<li>Observar pr\u00e1cticas de seguridad en el trabajo.<\/li>\n<li>Contribuir a que las relaciones humanas a bordo del buque sean buenas. \u00b7 Comprender las \u00f3rdenes y hacerse entender en relaci\u00f3n con las tareas de a bordo.<\/li>\n<li>Observar los procedimientos de emergencia.<\/li>\n<li>Tomar las precauciones para prevenir la contaminaci\u00f3n del medio marino.<\/li>\n<\/ul>\n<p><strong>Requisitos:<\/strong><\/p>\n<p>Cuarto a\u00f1o de ense\u00f1anza media cumplido, mayor de 18 a\u00f1os, salud compatible con la vida en el mar.<\/p>\n","protected":false},"excerpt":{"rendered":"<p>Hora: 20<\/p>\n<p>Horario: 09:00 a 17:00 hrs<\/p>\n<p>Modalidad: Presencial o E-Learning<\/p>\n<p><strong>ANTES DE PAGAR, CONSULTAR INICIO DE CLASES<\/strong><\/p>\n","protected":false},"featured_media":861,"comment_status":"open","ping_status":"closed","template":"","meta":[],"product_brand":[],"product_cat":[15],"product_tag":[],"class_list":{"0":"post-860","1":"product","2":"type-product","3":"status-publish","4":"has-post-thumbnail","6":"product_cat-uncategorized","7":"description-off","9":"first","10":"instock","11":"shipping-taxable","12":"purchasable","13":"product-type-simple"},"_links":{"self":[{"href":"https:\/\/www.acasur.cl\/index.php\/wp-json\/wp\/v2\/product\/860","targetHints":{"allow":["GET"]}}],"collection":[{"href":"https:\/\/www.acasur.cl\/index.php\/wp-json\/wp\/v2\/product"}],"about":[{"href":"https:\/\/www.acasur.cl\/index.php\/wp-json\/wp\/v2\/types\/product"}],"replies":[{"embeddable":true,"href":"https:\/\/www.acasur.cl\/index.php\/wp-json\/wp\/v2\/comments?post=860"}],"wp:featuredmedia":[{"embeddable":true,"href":"https:\/\/www.acasur.cl\/index.php\/wp-json\/wp\/v2\/media\/861"}],"wp:attachment":[{"href":"https:\/\/www.acasur.cl\/index.php\/wp-json\/wp\/v2\/media?parent=860"}],"wp:term":[{"taxonomy":"product_brand","embeddable":true,"href":"https:\/\/www.acasur.cl\/index.php\/wp-json\/wp\/v2\/product_brand?post=860"},{"taxonomy":"product_cat","embeddable":true,"href":"https:\/\/www.acasur.cl\/index.php\/wp-json\/wp\/v2\/product_cat?post=860"},{"taxonomy":"product_tag","embeddable":true,"href":"https:\/\/www.acasur.cl\/index.php\/wp-json\/wp\/v2\/product_tag?post=860"}],"curies":[{"name":"wp","href":"https:\/\/api.w.org\/{rel}","templated":true}]}}