{"id":858,"date":"2025-05-09T16:40:42","date_gmt":"2025-05-09T16:40:42","guid":{"rendered":"https:\/\/www.acasur.cl\/?post_type=product&#038;p=858"},"modified":"2025-10-23T13:21:45","modified_gmt":"2025-10-23T13:21:45","slug":"omi-1-20-prevencion-y-lucha-contra-incendio","status":"publish","type":"product","link":"https:\/\/www.acasur.cl\/index.php\/product\/omi-1-20-prevencion-y-lucha-contra-incendio\/","title":{"rendered":"OMI 1.20 Prevenci\u00f3n Y Lucha Contra Incendio"},"content":{"rendered":"<p><strong>Destinado a:<\/strong><\/p>\n<p>Oficiales y Tripulantes<\/p>\n<p><strong>Objetivos Generales:<\/strong> Al t\u00e9rmino del curso el alumno ser\u00e1 capaz de:<\/p>\n<ul>\n<li>Al t\u00e9rmino del curso el alumno ser\u00e1 capaz de reducir al m\u00ednimo los riesgos de incendio y responder en todo momento a situaciones de emergencia en las que se detecte un peligro de ignici\u00f3n.<\/li>\n<li>Identificar las diferentes causas de incendio, de acuerdo al origen (combustible) y utilizar los medios adecuados para controlarlo y extinguirlo.<\/li>\n<li>Organizar las partidas de incendio a bordo y aplicar los procedimientos adecuados para el control y extinci\u00f3n.<\/li>\n<\/ul>\n<p><strong>Requisitos:<\/strong><\/p>\n<p>Acreditar salud compatible, mediante un certificado m\u00e9dico.<\/p>\n","protected":false},"excerpt":{"rendered":"<p>Duraci\u00f3n: 2 d\u00edas<\/p>\n<p>Horario: 09:00 a 17:00 hrs (sujeto a modificaci\u00f3n)<\/p>\n<p>Modalidad: Presencial o E-Learning<\/p>\n<p><strong>ANTES DE PAGAR, CONSULTAR INICIO DE CLASES<\/strong><\/p>\n<p>&nbsp;<\/p>\n","protected":false},"featured_media":859,"comment_status":"open","ping_status":"closed","template":"","meta":[],"product_brand":[],"product_cat":[15],"product_tag":[],"class_list":{"0":"post-858","1":"product","2":"type-product","3":"status-publish","4":"has-post-thumbnail","6":"product_cat-uncategorized","7":"description-off","9":"first","10":"instock","11":"shipping-taxable","12":"purchasable","13":"product-type-simple"},"_links":{"self":[{"href":"https:\/\/www.acasur.cl\/index.php\/wp-json\/wp\/v2\/product\/858","targetHints":{"allow":["GET"]}}],"collection":[{"href":"https:\/\/www.acasur.cl\/index.php\/wp-json\/wp\/v2\/product"}],"about":[{"href":"https:\/\/www.acasur.cl\/index.php\/wp-json\/wp\/v2\/types\/product"}],"replies":[{"embeddable":true,"href":"https:\/\/www.acasur.cl\/index.php\/wp-json\/wp\/v2\/comments?post=858"}],"wp:featuredmedia":[{"embeddable":true,"href":"https:\/\/www.acasur.cl\/index.php\/wp-json\/wp\/v2\/media\/859"}],"wp:attachment":[{"href":"https:\/\/www.acasur.cl\/index.php\/wp-json\/wp\/v2\/media?parent=858"}],"wp:term":[{"taxonomy":"product_brand","embeddable":true,"href":"https:\/\/www.acasur.cl\/index.php\/wp-json\/wp\/v2\/product_brand?post=858"},{"taxonomy":"product_cat","embeddable":true,"href":"https:\/\/www.acasur.cl\/index.php\/wp-json\/wp\/v2\/product_cat?post=858"},{"taxonomy":"product_tag","embeddable":true,"href":"https:\/\/www.acasur.cl\/index.php\/wp-json\/wp\/v2\/product_tag?post=858"}],"curies":[{"name":"wp","href":"https:\/\/api.w.org\/{rel}","templated":true}]}}