{"id":852,"date":"2025-05-09T16:27:35","date_gmt":"2025-05-09T16:27:35","guid":{"rendered":"https:\/\/www.acasur.cl\/?post_type=product&#038;p=852"},"modified":"2025-10-01T12:09:15","modified_gmt":"2025-10-01T12:09:15","slug":"omi-1-14-primeros-auxilios-sanitarios","status":"publish","type":"product","link":"https:\/\/www.acasur.cl\/index.php\/product\/omi-1-14-primeros-auxilios-sanitarios\/","title":{"rendered":"OMI 1.14 Primeros Auxilios sanitarios"},"content":{"rendered":"<p><strong>Destinado a:<\/strong><\/p>\n<ul>\n<li>Oficiales de Cubierta de la Marina Mercante, nivel gesti\u00f3n que se desempe\u00f1ar\u00e1n en naves mayores que efect\u00faen navegaci\u00f3n de cabotaje de hasta siete d\u00edas pr\u00f3xima a la costa.<\/li>\n<li>Oficial o Tripulante de Naves Especiales de Pesca chilenas, de arqueo bruto superior a 50.<\/li>\n<\/ul>\n<p><strong>Objetivos Generales:<\/strong> Al t\u00e9rmino del curso el alumno ser\u00e1 capaz de:<\/p>\n<ul>\n<li>Administrar eficientemente los primeros auxilios al accidentado.<\/li>\n<li>Reducir el riesgo para el accidentado.<\/li>\n<li>Estabilizar las funciones vitales de la v\u00edctima y prepararla para el traslado al centro asistencial.<\/li>\n<li>Diagnosticar las causas probables, naturaleza y gravedad de las lesiones del paciente.<\/li>\n<li>Comunicar el diagn\u00f3stico a la Autoridad Mar\u00edtima y de Salud, con el objeto, de facilitar al especialista la preparaci\u00f3n de la Atenci\u00f3n de Urgencia en alg\u00fan centro asistencial.<\/li>\n<li>Coordinar, seg\u00fan las circunstancias y de acuerdo al diagn\u00f3stico un medio de rescate que acelere la atenci\u00f3n del accidentado.<\/li>\n<\/ul>\n<p><strong>Requisitos:<\/strong><\/p>\n<p>Haber aprobado, y tener vigente el curso 1.13 Primeros Auxilios B\u00e1sicos.<\/p>\n","protected":false},"excerpt":{"rendered":"<p>Hora: 24<\/p>\n<p>Horario: 09:00 a 17:00 hrs<\/p>\n<p>Modalidad: Presencial o E-Learning<\/p>\n<p><strong>ANTES DE PAGAR, CONSULTAR INICIO DE CLASES<\/strong><\/p>\n","protected":false},"featured_media":853,"comment_status":"open","ping_status":"closed","template":"","meta":[],"product_brand":[],"product_cat":[15],"product_tag":[],"class_list":{"0":"post-852","1":"product","2":"type-product","3":"status-publish","4":"has-post-thumbnail","6":"product_cat-uncategorized","7":"description-off","9":"first","10":"outofstock","11":"shipping-taxable","12":"purchasable","13":"product-type-simple"},"_links":{"self":[{"href":"https:\/\/www.acasur.cl\/index.php\/wp-json\/wp\/v2\/product\/852","targetHints":{"allow":["GET"]}}],"collection":[{"href":"https:\/\/www.acasur.cl\/index.php\/wp-json\/wp\/v2\/product"}],"about":[{"href":"https:\/\/www.acasur.cl\/index.php\/wp-json\/wp\/v2\/types\/product"}],"replies":[{"embeddable":true,"href":"https:\/\/www.acasur.cl\/index.php\/wp-json\/wp\/v2\/comments?post=852"}],"wp:featuredmedia":[{"embeddable":true,"href":"https:\/\/www.acasur.cl\/index.php\/wp-json\/wp\/v2\/media\/853"}],"wp:attachment":[{"href":"https:\/\/www.acasur.cl\/index.php\/wp-json\/wp\/v2\/media?parent=852"}],"wp:term":[{"taxonomy":"product_brand","embeddable":true,"href":"https:\/\/www.acasur.cl\/index.php\/wp-json\/wp\/v2\/product_brand?post=852"},{"taxonomy":"product_cat","embeddable":true,"href":"https:\/\/www.acasur.cl\/index.php\/wp-json\/wp\/v2\/product_cat?post=852"},{"taxonomy":"product_tag","embeddable":true,"href":"https:\/\/www.acasur.cl\/index.php\/wp-json\/wp\/v2\/product_tag?post=852"}],"curies":[{"name":"wp","href":"https:\/\/api.w.org\/{rel}","templated":true}]}}