{"id":848,"date":"2025-05-09T16:09:00","date_gmt":"2025-05-09T16:09:00","guid":{"rendered":"https:\/\/www.acasur.cl\/?post_type=product&#038;p=848"},"modified":"2025-10-01T12:09:34","modified_gmt":"2025-10-01T12:09:34","slug":"omi-1-10-cargas-peligrosas-potencialmente-peligrosas-y-perjudiciales","status":"publish","type":"product","link":"https:\/\/www.acasur.cl\/index.php\/product\/omi-1-10-cargas-peligrosas-potencialmente-peligrosas-y-perjudiciales\/","title":{"rendered":"OMI 1.10 Cargas Peligrosas, Potencialmente Peligrosas y Perjudiciales"},"content":{"rendered":"<p><strong>Destinado a:<\/strong><\/p>\n<p>Oficiales y Tripulantes de la Marina Mercante, responsables de la carga y descarga de sustancias peligrosas, potencialmente peligrosas y perjudiciales, de acuerdo a lo dispuesto en el convenio STCW-95, secci\u00f3n B-V\/5.<\/p>\n<p><strong>Objetivos Generales:<\/strong> Al t\u00e9rmino del curso el alumno ser\u00e1 capaz de:<\/p>\n<ul>\n<li>Conocer los principales acuerdos internacionales referidos a sustancias peligrosas.<\/li>\n<li>Aplicar las normativas del c\u00f3digo imdg.<\/li>\n<li>Conocer y aplicar la clasificaci\u00f3n f\u00edsica y qu\u00edmica de las sustancias peligrosas.<\/li>\n<li>Conocer la divisi\u00f3n de las sustancias peligrosas de acuerdo a las recomendaciones de la un y c\u00f3digo IMDG.<\/li>\n<li>Conocer y aplicar los tipos de embalaje.<\/li>\n<li>Conocer y aplicar los procedimientos de consignaci\u00f3n de la carga.<\/li>\n<li>Dominar las recomendaciones del c\u00f3digo imdg referente al trabajo en los puertos al llegar mercader\u00eda peligrosa.<\/li>\n<li>Conocer la importancia que tiene la actualizaci\u00f3n del c\u00f3digo IMDG.<\/li>\n<\/ul>\n<p><strong>Requisitos:<\/strong><\/p>\n<ul>\n<li>Ser mayor de 18 a\u00f1os.<\/li>\n<\/ul>\n","protected":false},"excerpt":{"rendered":"<p>Hora: 38<\/p>\n<p>Horario: 09:00 a 17:00 hrs<\/p>\n<p>Modalidad: Presencial o E-Learning<\/p>\n<p><strong>ANTES DE PAGAR, CONSULTAR INICIO DE CLASES<\/strong><\/p>\n","protected":false},"featured_media":849,"comment_status":"open","ping_status":"closed","template":"","meta":[],"product_brand":[],"product_cat":[15],"product_tag":[],"class_list":{"0":"post-848","1":"product","2":"type-product","3":"status-publish","4":"has-post-thumbnail","6":"product_cat-uncategorized","7":"description-off","9":"first","10":"outofstock","11":"shipping-taxable","12":"purchasable","13":"product-type-simple"},"_links":{"self":[{"href":"https:\/\/www.acasur.cl\/index.php\/wp-json\/wp\/v2\/product\/848","targetHints":{"allow":["GET"]}}],"collection":[{"href":"https:\/\/www.acasur.cl\/index.php\/wp-json\/wp\/v2\/product"}],"about":[{"href":"https:\/\/www.acasur.cl\/index.php\/wp-json\/wp\/v2\/types\/product"}],"replies":[{"embeddable":true,"href":"https:\/\/www.acasur.cl\/index.php\/wp-json\/wp\/v2\/comments?post=848"}],"wp:featuredmedia":[{"embeddable":true,"href":"https:\/\/www.acasur.cl\/index.php\/wp-json\/wp\/v2\/media\/849"}],"wp:attachment":[{"href":"https:\/\/www.acasur.cl\/index.php\/wp-json\/wp\/v2\/media?parent=848"}],"wp:term":[{"taxonomy":"product_brand","embeddable":true,"href":"https:\/\/www.acasur.cl\/index.php\/wp-json\/wp\/v2\/product_brand?post=848"},{"taxonomy":"product_cat","embeddable":true,"href":"https:\/\/www.acasur.cl\/index.php\/wp-json\/wp\/v2\/product_cat?post=848"},{"taxonomy":"product_tag","embeddable":true,"href":"https:\/\/www.acasur.cl\/index.php\/wp-json\/wp\/v2\/product_tag?post=848"}],"curies":[{"name":"wp","href":"https:\/\/api.w.org\/{rel}","templated":true}]}}