{"id":844,"date":"2025-05-09T16:03:47","date_gmt":"2025-05-09T16:03:47","guid":{"rendered":"https:\/\/www.acasur.cl\/?post_type=product&#038;p=844"},"modified":"2026-01-05T15:21:59","modified_gmt":"2026-01-05T15:21:59","slug":"omi-1-07-restringido-por-radar-y-ploteo-de-radar","status":"publish","type":"product","link":"https:\/\/www.acasur.cl\/index.php\/product\/omi-1-07-restringido-por-radar-y-ploteo-de-radar\/","title":{"rendered":"OMI 1.07 RESTRINGIDO POR RADAR Y PLOTEO DE RADAR"},"content":{"rendered":"<p><strong>Destinado a:<\/strong><\/p>\n<ul>\n<li>Patr\u00f3n Regional Superior, Patr\u00f3n Regional o Piloto Regional con t\u00edtulo nacional.<\/li>\n<li>Postulantes a la habilitaci\u00f3n como Guardiero de Puente en Naves de hasta 200 de arqueo bruto, con t\u00edtulo vigente de Tripulante General de Cubierta o Matr\u00edcula de Patr\u00f3n de Nave Menor.<\/li>\n<li>Postulantes al Permiso de Embarco al t\u00edtulo nacional de Piloto Regional.<\/li>\n<\/ul>\n<p><strong>Objetivos Generales:<\/strong> Al t\u00e9rmino del curso el alumno ser\u00e1 capaz de:<\/p>\n<ul>\n<li>Seleccionar una escala de distancia.<\/li>\n<li>Conocer las limitaciones del equipo en t\u00e9rminos de detectar la exactitud de los blancos.<\/li>\n<li>Comparar la imagen del radar con la carta, navegando en cercan\u00edas de la costa.<\/li>\n<li>Seleccionar los blancos de tierra notables para determinar la posici\u00f3n de la nave.<\/li>\n<li>Mantener un ploteo continuo de los contactos que pueden significar peligro de colisi\u00f3n.<\/li>\n<li>Deducir del ploteo la informaci\u00f3n necesaria relacionada con el rumbo y velocidad de los otro buques y puntos de mayor aproximaci\u00f3n de manera tomar acciones con margen de tiempo, de acuerdo al Convenio Internacional para prevenir los abordajes, para evitar encuentros peligrosos.<\/li>\n<\/ul>\n<p><strong>Requisitos:<\/strong><\/p>\n<ul>\n<li>Oficiales regionales con t\u00edtulo nacional de Patr\u00f3n Regional Superior, Patr\u00f3n Regional o Piloto Regional que no han aprobado el curso modelo OMI 1.07 \u201cNavegaci\u00f3n por Radar, Ploteo de Radar y Uso del ARPA\u201d.<\/li>\n<li>Postulantes a la habilitaci\u00f3n como Guardiero de Puente en Naves de hasta 200 de arqueo bruto, con t\u00edtulo vigente de Tripulante General de Cubierta o Matr\u00edcula de Patr\u00f3n de Nave Menor.<\/li>\n<li>Aspirantes al t\u00edtulo nacional de Piloto Regional.<\/li>\n<\/ul>\n","protected":false},"excerpt":{"rendered":"<p>Hora: 67<\/p>\n<p>Horario: 09:00 a 17:00 hrs<\/p>\n<p>Modalidad: Presencial<\/p>\n<p><strong>ANTES DE PAGAR, CONSULTAR INICIO DE CLASES<\/strong><\/p>\n","protected":false},"featured_media":845,"comment_status":"open","ping_status":"closed","template":"","meta":[],"product_brand":[],"product_cat":[15],"product_tag":[],"class_list":{"0":"post-844","1":"product","2":"type-product","3":"status-publish","4":"has-post-thumbnail","6":"product_cat-uncategorized","7":"description-off","9":"first","10":"outofstock","11":"shipping-taxable","12":"purchasable","13":"product-type-simple"},"_links":{"self":[{"href":"https:\/\/www.acasur.cl\/index.php\/wp-json\/wp\/v2\/product\/844","targetHints":{"allow":["GET"]}}],"collection":[{"href":"https:\/\/www.acasur.cl\/index.php\/wp-json\/wp\/v2\/product"}],"about":[{"href":"https:\/\/www.acasur.cl\/index.php\/wp-json\/wp\/v2\/types\/product"}],"replies":[{"embeddable":true,"href":"https:\/\/www.acasur.cl\/index.php\/wp-json\/wp\/v2\/comments?post=844"}],"wp:featuredmedia":[{"embeddable":true,"href":"https:\/\/www.acasur.cl\/index.php\/wp-json\/wp\/v2\/media\/845"}],"wp:attachment":[{"href":"https:\/\/www.acasur.cl\/index.php\/wp-json\/wp\/v2\/media?parent=844"}],"wp:term":[{"taxonomy":"product_brand","embeddable":true,"href":"https:\/\/www.acasur.cl\/index.php\/wp-json\/wp\/v2\/product_brand?post=844"},{"taxonomy":"product_cat","embeddable":true,"href":"https:\/\/www.acasur.cl\/index.php\/wp-json\/wp\/v2\/product_cat?post=844"},{"taxonomy":"product_tag","embeddable":true,"href":"https:\/\/www.acasur.cl\/index.php\/wp-json\/wp\/v2\/product_tag?post=844"}],"curies":[{"name":"wp","href":"https:\/\/api.w.org\/{rel}","templated":true}]}}