{"id":815,"date":"2025-05-08T21:24:19","date_gmt":"2025-05-08T21:24:19","guid":{"rendered":"https:\/\/www.acasur.cl\/?post_type=product&#038;p=815"},"modified":"2026-03-23T14:26:42","modified_gmt":"2026-03-23T14:26:42","slug":"curso-de-capacitacion-para-ascenso-de-capitan-costero-a-capitan-costero-superior","status":"publish","type":"product","link":"https:\/\/www.acasur.cl\/index.php\/product\/curso-de-capacitacion-para-ascenso-de-capitan-costero-a-capitan-costero-superior\/","title":{"rendered":"Curso de Capacitaci\u00f3n para Ascenso de Capit\u00e1n Costero a Capit\u00e1n Costero Superior"},"content":{"rendered":"<p><strong>Destinado a: <\/strong><\/p>\n<ul>\n<li>Capitanes Costeros<\/li>\n<\/ul>\n<p><strong>Objetivos Generales: <\/strong>Al t\u00e9rmino del curso el alumno ser\u00e1 capaz de:<\/p>\n<ul>\n<li>Desempe\u00f1arse como oficial de cubierta en naves mercantes o especiales, sea en el nivel de gesti\u00f3n o en el nivel operativo.<\/li>\n<li>Reconocer, evaluar y asumir plena responsabilidad sobre las condiciones de seguridad de la nave, pasajeros, tripulaci\u00f3n y cargamento, sea en puerto como en la navegaci\u00f3n.<\/li>\n<li>Especificar, valorar y resolver respecto de la aplicaci\u00f3n de medidas pr\u00e1cticas concernientes a la seguridad y la protecci\u00f3n de medio ambiente marino en conformidad con las vigentes normas nacionales e internacionales.<\/li>\n<li>Planificar traves\u00e1is en navegaci\u00f3n costera.<\/li>\n<li>Resolver situaciones de gesti\u00f3n u operativas inherentes al cargo que ocupe a borde.<\/li>\n<\/ul>\n<p><strong>Requisitos:<\/strong><\/p>\n<ul>\n<li>Egresado de educaci\u00f3n media o educaci\u00f3n media t\u00e9cnico profesional.<\/li>\n<li>Poseer el t\u00edtulo de Capit\u00e1n Costero.<\/li>\n<li>Patrones de Pesca Costero de Primera Clase, o Patrones de Pesca Costero de Segunda Clase (Art\u00edculo 46\u00b0 del Reglamento sobre Formaci\u00f3n, Titulaci\u00f3n y Carrera Profesional de la Gente de Mar, aprobado por Decreto Supremo N\u00b0 127, de fecha 12 de marzo de 2019)<\/li>\n<li>Oficiales en retiro de la Armada de Chile que cumplan los requisitos establecidos en el art\u00edculo 45\u00b0 del Reglamento sobre Formaci\u00f3n, Titulaci\u00f3n y Carrera Profesional de la Gente de Mar, aprobado por Decreto Supremo N\u00b0 127, de fecha 12 de marzo de 2019).<\/li>\n<\/ul>\n","protected":false},"excerpt":{"rendered":"<p>Hora: 280<\/p>\n<p>Horario: 09:00 a 17:00 hrs (sujeto a modificaci\u00f3n)<\/p>\n<p>Modalidad: Presencial o E-Learning<\/p>\n<p><strong>ANTES DE PAGAR, CONSULTAR INICIO DE CLASES<\/strong><\/p>\n<p>&nbsp;<\/p>\n","protected":false},"featured_media":823,"comment_status":"open","ping_status":"closed","template":"","meta":[],"product_brand":[],"product_cat":[15],"product_tag":[],"class_list":{"0":"post-815","1":"product","2":"type-product","3":"status-publish","4":"has-post-thumbnail","6":"product_cat-uncategorized","7":"description-off","9":"first","10":"instock","11":"sale","12":"shipping-taxable","13":"purchasable","14":"product-type-simple"},"_links":{"self":[{"href":"https:\/\/www.acasur.cl\/index.php\/wp-json\/wp\/v2\/product\/815","targetHints":{"allow":["GET"]}}],"collection":[{"href":"https:\/\/www.acasur.cl\/index.php\/wp-json\/wp\/v2\/product"}],"about":[{"href":"https:\/\/www.acasur.cl\/index.php\/wp-json\/wp\/v2\/types\/product"}],"replies":[{"embeddable":true,"href":"https:\/\/www.acasur.cl\/index.php\/wp-json\/wp\/v2\/comments?post=815"}],"wp:featuredmedia":[{"embeddable":true,"href":"https:\/\/www.acasur.cl\/index.php\/wp-json\/wp\/v2\/media\/823"}],"wp:attachment":[{"href":"https:\/\/www.acasur.cl\/index.php\/wp-json\/wp\/v2\/media?parent=815"}],"wp:term":[{"taxonomy":"product_brand","embeddable":true,"href":"https:\/\/www.acasur.cl\/index.php\/wp-json\/wp\/v2\/product_brand?post=815"},{"taxonomy":"product_cat","embeddable":true,"href":"https:\/\/www.acasur.cl\/index.php\/wp-json\/wp\/v2\/product_cat?post=815"},{"taxonomy":"product_tag","embeddable":true,"href":"https:\/\/www.acasur.cl\/index.php\/wp-json\/wp\/v2\/product_tag?post=815"}],"curies":[{"name":"wp","href":"https:\/\/api.w.org\/{rel}","templated":true}]}}