{"id":812,"date":"2025-05-08T21:21:38","date_gmt":"2025-05-08T21:21:38","guid":{"rendered":"https:\/\/www.acasur.cl\/?post_type=product&#038;p=812"},"modified":"2026-05-01T23:54:22","modified_gmt":"2026-05-01T23:54:22","slug":"formacion-para-piloto-costero","status":"publish","type":"product","link":"https:\/\/www.acasur.cl\/index.php\/product\/formacion-para-piloto-costero\/","title":{"rendered":"Formaci\u00f3n para Piloto Costero"},"content":{"rendered":"<p><strong>Destinado a:<\/strong><\/p>\n<ul>\n<li>Patrones de Nave Menor<\/li>\n<li>Tripulantes General de Cubierta<\/li>\n<li>Tripulantes de la Guardia de Navegaci\u00f3n<\/li>\n<li>Tripulantes de Primera de Puente<\/li>\n<\/ul>\n<p><strong>Objetivos Generales: <\/strong>Al t\u00e9rmino del curso el alumno ser\u00e1 capaz de:<\/p>\n<ul>\n<li>Planificar, dirigir, ejecutar y controlar las operaciones administrativas de terminales mar\u00edtimos y previa certificaci\u00f3n ante la autoridad mar\u00edtima.<\/li>\n<li>Desempe\u00f1arse como Piloto Costero a bordo de naves de arqueo bruto hasta 2000, aplicando la legislaci\u00f3n y normativa mar\u00edtima en todos los \u00e1mbitos de su profesi\u00f3n.<\/li>\n<li>Aplica sus competencias profesionales en t\u00e9rminos integrales desarrollando el trabajo en equipo, comunicaci\u00f3n y el cuidado con el medio ambiente en armon\u00eda con el desarrollo regional sustentable.<\/li>\n<\/ul>\n<p><strong>Requisitos:<\/strong><\/p>\n<ul>\n<li>Egresado de educaci\u00f3n media o educaci\u00f3n media t\u00e9cnico profesional.<\/li>\n<li>Acreditar 18 meses de embarco como Patr\u00f3n de Nave Menor, desempe\u00f1ando el cargo de Patr\u00f3n de naves mayores de 25 de aqueo bruto.<\/li>\n<li>Acreditar 24 meses de embarco como Tripulante de la Guardia de Navegaci\u00f3n o Tripulante de Primera de Puente, en posesi\u00f3n del respectivo t\u00edtulo.<\/li>\n<\/ul>\n","protected":false},"excerpt":{"rendered":"<p>Duraci\u00f3n: 5 meses apr\u00f3x.<\/p>\n<p>Horario: 09:00 a 17:00 hrs (sujeto a modificaci\u00f3n)<\/p>\n<p>Modalidad: Presencial o E-Learning<\/p>\n<p><strong>ANTES DE PAGAR, CONSULTAR INICIO DE CLASES<\/strong><\/p>\n<p>&nbsp;<\/p>\n","protected":false},"featured_media":826,"comment_status":"open","ping_status":"closed","template":"","meta":[],"product_brand":[],"product_cat":[15],"product_tag":[],"class_list":{"0":"post-812","1":"product","2":"type-product","3":"status-publish","4":"has-post-thumbnail","6":"product_cat-uncategorized","7":"description-off","9":"first","10":"instock","11":"shipping-taxable","12":"purchasable","13":"product-type-simple"},"_links":{"self":[{"href":"https:\/\/www.acasur.cl\/index.php\/wp-json\/wp\/v2\/product\/812","targetHints":{"allow":["GET"]}}],"collection":[{"href":"https:\/\/www.acasur.cl\/index.php\/wp-json\/wp\/v2\/product"}],"about":[{"href":"https:\/\/www.acasur.cl\/index.php\/wp-json\/wp\/v2\/types\/product"}],"replies":[{"embeddable":true,"href":"https:\/\/www.acasur.cl\/index.php\/wp-json\/wp\/v2\/comments?post=812"}],"wp:featuredmedia":[{"embeddable":true,"href":"https:\/\/www.acasur.cl\/index.php\/wp-json\/wp\/v2\/media\/826"}],"wp:attachment":[{"href":"https:\/\/www.acasur.cl\/index.php\/wp-json\/wp\/v2\/media?parent=812"}],"wp:term":[{"taxonomy":"product_brand","embeddable":true,"href":"https:\/\/www.acasur.cl\/index.php\/wp-json\/wp\/v2\/product_brand?post=812"},{"taxonomy":"product_cat","embeddable":true,"href":"https:\/\/www.acasur.cl\/index.php\/wp-json\/wp\/v2\/product_cat?post=812"},{"taxonomy":"product_tag","embeddable":true,"href":"https:\/\/www.acasur.cl\/index.php\/wp-json\/wp\/v2\/product_tag?post=812"}],"curies":[{"name":"wp","href":"https:\/\/api.w.org\/{rel}","templated":true}]}}